{"id":96,"date":"2023-10-25T13:18:41","date_gmt":"2023-10-25T13:18:41","guid":{"rendered":"http:\/\/localhost\/contacto\/"},"modified":"2024-03-26T12:43:27","modified_gmt":"2024-03-26T12:43:27","slug":"contacto","status":"publish","type":"page","link":"https:\/\/www.dicomevents.com\/es\/contacto\/","title":{"rendered":"Contacto"},"content":{"rendered":"\r\n\r\n<section  class=\"block-contactform alignfull \">\r\n\r\n    <div class=\"bg-gray-900 text-white text-center py-12 lg:pb-20\">\r\n                    <h1 class=\"mb-12 lg:mb-20 text-3xxl font-light\">Contacto<\/h1>\r\n        \r\n                    <p class=\"text-3xl max-w-3xl mx-auto leading-tight font-light\">\r\n                Estamos aqu\u00ed para escuchar tus comentarios. <br \/>\r\n\u00a1No dudes en contactarnos!            <\/p>\r\n        \r\n        \r\n    <\/div>\r\n\r\n            <div class=\"block-contactform__nav\">\r\n            <nav class=\"mx-auto bg-white rounded sm:rounded-full max-w-max\">\r\n                <ul class=\"list-none flex flex-wrap gap-5 py-4 px-5 items-center justify-center m-0\">\r\n                                            <li class=\"\">\r\n                            <a href=\"https:\/\/www.dicomevents.com\/es\/tengo-un-proyecto\/\" class=\"button-black-ghost\">\r\n                                Tengo un proyecto                            <\/a>\r\n                        <\/li>\r\n                                            <li class=\"\">\r\n                            <a href=\"https:\/\/www.dicomevents.com\/es\/trabaja-con-nosotros\/\" class=\"button-black-ghost\">\r\n                                Quiero ser parte del equipo                            <\/a>\r\n                        <\/li>\r\n                                            <li class=\"hidden md:block\">\r\n                            <a href=\"https:\/\/www.dicomevents.com\/es\/contacto\/\" class=\"button-black\">\r\n                                Os quiero contar algo                            <\/a>\r\n                        <\/li>\r\n                                    <\/ul>\r\n            <\/nav>\r\n        <\/div>\r\n    \r\n\r\n    <div id=\"block-contactform__form\" class=\"container py-12 lg:py-20\">\r\n\r\n                    <h2 class=\"text-center mt-0 mb-12\">\r\n                Os quiero contar algo            <\/h2>\r\n        \r\n        <div class=\"max-w-3xl mx-auto\">\r\n            \n<div class=\"wpcf7 no-js\" id=\"wpcf7-f1217-o1\" lang=\"es-ES\" dir=\"ltr\" data-wpcf7-id=\"1217\">\n<div class=\"screen-reader-response\"><p role=\"status\" aria-live=\"polite\" aria-atomic=\"true\"><\/p> <ul><\/ul><\/div>\n<form action=\"\/es\/wp-json\/wp\/v2\/pages\/96#wpcf7-f1217-o1\" method=\"post\" class=\"wpcf7-form init\" aria-label=\"Formulario de contacto\" novalidate=\"novalidate\" data-status=\"init\">\n<fieldset class=\"hidden-fields-container\"><input type=\"hidden\" name=\"_wpcf7\" value=\"1217\" \/><input type=\"hidden\" name=\"_wpcf7_version\" value=\"6.1.5\" \/><input type=\"hidden\" name=\"_wpcf7_locale\" value=\"es_ES\" \/><input type=\"hidden\" name=\"_wpcf7_unit_tag\" value=\"wpcf7-f1217-o1\" \/><input type=\"hidden\" name=\"_wpcf7_container_post\" value=\"0\" \/><input type=\"hidden\" name=\"_wpcf7_posted_data_hash\" value=\"\" \/><input type=\"hidden\" name=\"_wpcf7_recaptcha_response\" value=\"\" \/>\n<\/fieldset>\n<div class=\"main-contact-form\">\n\n<div>\n<span class=\"wpcf7-form-control-wrap\" data-name=\"cf-name\"><input size=\"40\" maxlength=\"400\" class=\"wpcf7-form-control wpcf7-text wpcf7-validates-as-required\" id=\"cf-name\" aria-required=\"true\" aria-invalid=\"false\" placeholder=\"Nombre y apellido*\" value=\"\" type=\"text\" name=\"cf-name\" \/><\/span>\n<\/div>\n\n<div>\n<span class=\"wpcf7-form-control-wrap\" data-name=\"cf-email\"><input size=\"40\" maxlength=\"400\" class=\"wpcf7-form-control wpcf7-email wpcf7-validates-as-required wpcf7-text wpcf7-validates-as-email\" id=\"cf-email\" aria-required=\"true\" aria-invalid=\"false\" placeholder=\"E-mail*\" value=\"\" type=\"email\" name=\"cf-email\" \/><\/span>\n<\/div>\n\n<div class=\"full\">\n<label for=\"cf-comments\">Expl\u00edcanos, y nos pondremos en contacto contigo<\/label>\n<span class=\"wpcf7-form-control-wrap\" data-name=\"cf-comments\"><textarea cols=\"40\" rows=\"8\" maxlength=\"2000\" class=\"wpcf7-form-control wpcf7-textarea\" id=\"cf-comments\" aria-invalid=\"false\" name=\"cf-comments\"><\/textarea><\/span>\n<\/div>\n\n<div class=\"full text-sm\">\n<span class=\"wpcf7-form-control-wrap\" data-name=\"cf-acceptance\"><span class=\"wpcf7-form-control wpcf7-acceptance\"><span class=\"wpcf7-list-item\"><label><input type=\"checkbox\" name=\"cf-acceptance\" value=\"1\" id=\"cf-acceptance\" aria-invalid=\"false\" \/><span class=\"wpcf7-list-item-label\">He le\u00eddo, entendido y acepto la <a href=\"\/politica-de-privacidad\" target=\"_blank\">pol\u00edtica de privacidad<\/a><\/span><\/label><\/span><\/span><\/span>\n\n\n<div class=\"text-xs\">\n<strong><u>Informaci\u00f3n b\u00e1sica sobre Protecci\u00f3n de datos (RGPD 2016\/679 i LOPDGDD 3\/2018)<\/u><\/strong><br>\n<u>Responsable<\/u>: DIPUNTOCOM, S.L.  (en adelante: DICOM); \n<u>Finalidad<\/u>: Gestionar los datos aportados por los candidatos para llevar a cabo el proceso de selecci\u00f3n de personal; \n<u>Legitimaci\u00f3n<\/u>:  Consentimiento del interesado; \n<u>Destinatarios<\/u>:  No se cederan datos a terceros, excepto a empresas especializadas en procesos de selecci\u00f3n de personal, a las empresas del mismo grupo empresarial y\/o por obligaci\u00f3n legal; \n<u>Derechos<\/u>: Acceder, rectificar y suprimir sus datos, as\u00ed como otros derechos, que pueden ejercer tal y como se especifica en  la pol\u00edtica de privacidad de nuestro sitio web: <a target=\"_blank\" href=\"\/es\/politica-de-privacidad\">www.dicomevents.com\/es\/politica-de-privacidad<\/a>\n<\/div>\n<\/div>\n\n<div class=\"full text-sm\">\n<span class=\"wpcf7-form-control-wrap\" data-name=\"cf-accept-commercial\"><span class=\"wpcf7-form-control wpcf7-acceptance optional\"><span class=\"wpcf7-list-item\"><label><input type=\"checkbox\" name=\"cf-accept-commercial\" value=\"1\" id=\"cf-accept-commercial\" aria-invalid=\"false\" \/><span class=\"wpcf7-list-item-label\">Doy mi consentimiento para recibir comunicaciones comerciales posteriores por correo electr\u00f3nico y otros medios de comunicaci\u00f3n ofim\u00e1ticos, tal como establece la Ley LSSI\/CE 34\/2002.<\/span><\/label><\/span><\/span><\/span>\n\n<div class=\"text-xs\">\nSi posteriormente no desea continuar recibiendo nuestras comunicaciones comerciales usted podr\u00e1 revocar el consentimiento enviando un e-mail a no_reply@dicomevents.com con la palabra BAJA.\n<\/div>\n\n<\/div>\n<span class=\"wpcf7-form-control-wrap recaptcha\" data-name=\"recaptcha\"><span data-sitekey=\"6LeVgqYpAAAAALhFUfFYP8w0lMjz1EgQXzhGVocR\" class=\"wpcf7-form-control wpcf7-recaptcha g-recaptcha\"><\/span>\r\n<noscript>\r\n\t<div class=\"grecaptcha-noscript\">\r\n\t\t<iframe loading=\"lazy\" src=\"https:\/\/www.google.com\/recaptcha\/api\/fallback?k=6LeVgqYpAAAAALhFUfFYP8w0lMjz1EgQXzhGVocR\" frameborder=\"0\" scrolling=\"no\" width=\"310\" height=\"430\">\r\n\t\t<\/iframe>\r\n\t\t<textarea name=\"g-recaptcha-response\" rows=\"3\" cols=\"40\" placeholder=\"Aqu\u00ed la respuesta de reCAPTCHA\">\r\n\t\t<\/textarea>\r\n\t<\/div>\r\n<\/noscript>\r\n<\/span>\n<div class=\"full text-center\">\n<input class=\"wpcf7-form-control wpcf7-submit has-spinner ct-link-button button-black-ghost\" id=\"cf-send\" type=\"submit\" value=\"Enviar\" \/>\n<\/div>\n\n<\/div><div class=\"wpcf7-response-output\" aria-hidden=\"true\"><\/div>\n<\/form>\n<\/div>\n        <\/div>\r\n    <\/div>\r\n\r\n\r\n\r\n<\/section>\n\n\r\n<section  class=\"block-rrss wp-elements-b8f4a1427e5f712409d2619142630ebe py-12 lg:pt-20 lg:pb-24\">\r\n\r\n\t<div class=\"\">\r\n\t\t\r\n\t\t\t\t\t<h2 class=\"mt-0 mb-4 text-center text-xl font-light\">\r\n\t\t\t\tS\u00edguenos en redes\t\t\t<\/h2>\r\n\t\t\r\n\r\n\t\t<ul class=\"rrss list-none flex justify-center flex-wrap gap-4 m-0\"><li><a class=\" has-background has-gray-900-background-color has-text-color has-white-color\" href=\"https:\/\/es.linkedin.com\/company\/dicomevents\" target=\"_blank\" rel=\"noopener\"><svg xmlns=\"http:\/\/www.w3.org\/2000\/svg\" width=\"24\" height=\"24\"><circle cx=\"5\" cy=\"5\" r=\"2.2\"\/><path d=\"M9.2 8.9v12H13v-6c0-1.5.3-3 2.3-3 2 0 2 1.8 2 3.2V21H21v-6.7c0-3.2-.7-5.7-4.5-5.7a4 4 0 0 0-3.6 2V8.8H9.2zm-6.1 0h3.8v12H3z\"\/><\/svg><\/a><\/li><li><a class=\" has-background has-gray-900-background-color has-text-color has-white-color\" href=\"https:\/\/www.youtube.com\/@dicomevents\" target=\"_blank\" rel=\"noopener\"><svg width=\"24\" height=\"24\" viewBox=\"0 0 24 24\" version=\"1.1\" xmlns=\"http:\/\/www.w3.org\/2000\/svg\" aria-hidden=\"true\" focusable=\"false\"><path d=\"M21.8,8.001c0,0-0.195-1.378-0.795-1.985c-0.76-0.797-1.613-0.801-2.004-0.847c-2.799-0.202-6.997-0.202-6.997-0.202 h-0.009c0,0-4.198,0-6.997,0.202C4.608,5.216,3.756,5.22,2.995,6.016C2.395,6.623,2.2,8.001,2.2,8.001S2,9.62,2,11.238v1.517 c0,1.618,0.2,3.237,0.2,3.237s0.195,1.378,0.795,1.985c0.761,0.797,1.76,0.771,2.205,0.855c1.6,0.153,6.8,0.201,6.8,0.201 s4.203-0.006,7.001-0.209c0.391-0.047,1.243-0.051,2.004-0.847c0.6-0.607,0.795-1.985,0.795-1.985s0.2-1.618,0.2-3.237v-1.517 C22,9.62,21.8,8.001,21.8,8.001z M9.935,14.594l-0.001-5.62l5.404,2.82L9.935,14.594z\"><\/path><\/svg><\/a><\/li><li><a class=\" has-background has-gray-900-background-color has-text-color has-white-color\" href=\"https:\/\/www.instagram.com\/dicomevents\" target=\"_blank\" rel=\"noopener\"><svg xmlns=\"http:\/\/www.w3.org\/2000\/svg\" width=\"24\" height=\"24\"><path d=\"M12 7.4a4.6 4.6 0 1 0 0 9.2 4.6 4.6 0 0 0 0-9.2zm0 7.6a3 3 0 1 1 0-6 3 3 0 0 1 0 6z\"\/><circle cx=\"16.8\" cy=\"7.2\" r=\"1.1\"\/><path d=\"M20.5 6.1A4.6 4.6 0 0 0 18 3.5a6.6 6.6 0 0 0-2.2-.4H8.3a6.6 6.6 0 0 0-2.2.4A4.6 4.6 0 0 0 3.5 6 6.6 6.6 0 0 0 3 8.3a64 64 0 0 0 .4 9.6A4.6 4.6 0 0 0 6 20.5a6.6 6.6 0 0 0 2.2.5h7.4a6.6 6.6 0 0 0 2.2-.4 4.6 4.6 0 0 0 2.6-2.7c.3-.7.4-1.4.5-2.2V8.3a6.6 6.6 0 0 0-.5-2.2zm-1.2 9.5a5 5 0 0 1-.3 1.7 3 3 0 0 1-1.7 1.7 5 5 0 0 1-1.7.4H8.3a5 5 0 0 1-1.7-.4A3 3 0 0 1 5 17.3a5 5 0 0 1-.3-1.6 62.6 62.6 0 0 1 0-7.3A5 5 0 0 1 5 6.7 3 3 0 0 1 6.6 5a5 5 0 0 1 1.7-.4h7.3a5 5 0 0 1 1.7.4A3 3 0 0 1 19 6.7a5 5 0 0 1 .3 1.6v7.3z\"\/><\/svg><\/a><\/li><\/ul>\t<\/div>\r\n<\/section>","protected":false},"excerpt":{"rendered":"","protected":false},"author":1,"featured_media":0,"parent":0,"menu_order":0,"comment_status":"closed","ping_status":"closed","template":"","meta":{"_acf_changed":false,"footnotes":""},"class_list":["post-96","page","type-page","status-publish","hentry"],"acf":[],"_links":{"self":[{"href":"https:\/\/www.dicomevents.com\/es\/wp-json\/wp\/v2\/pages\/96","targetHints":{"allow":["GET"]}}],"collection":[{"href":"https:\/\/www.dicomevents.com\/es\/wp-json\/wp\/v2\/pages"}],"about":[{"href":"https:\/\/www.dicomevents.com\/es\/wp-json\/wp\/v2\/types\/page"}],"author":[{"embeddable":true,"href":"https:\/\/www.dicomevents.com\/es\/wp-json\/wp\/v2\/users\/1"}],"replies":[{"embeddable":true,"href":"https:\/\/www.dicomevents.com\/es\/wp-json\/wp\/v2\/comments?post=96"}],"version-history":[{"count":36,"href":"https:\/\/www.dicomevents.com\/es\/wp-json\/wp\/v2\/pages\/96\/revisions"}],"predecessor-version":[{"id":3048,"href":"https:\/\/www.dicomevents.com\/es\/wp-json\/wp\/v2\/pages\/96\/revisions\/3048"}],"wp:attachment":[{"href":"https:\/\/www.dicomevents.com\/es\/wp-json\/wp\/v2\/media?parent=96"}],"curies":[{"name":"wp","href":"https:\/\/api.w.org\/{rel}","templated":true}]}}