{"id":173,"date":"2023-10-30T11:42:54","date_gmt":"2023-10-30T11:42:54","guid":{"rendered":"http:\/\/dicomevents.vl25185.dinaserver.com\/?page_id=173"},"modified":"2025-07-21T11:55:43","modified_gmt":"2025-07-21T11:55:43","slug":"trabaja-con-nosotros","status":"publish","type":"page","link":"https:\/\/www.dicomevents.com\/es\/trabaja-con-nosotros\/","title":{"rendered":"Trabaja con nosotros"},"content":{"rendered":"\r\n\r\n<section  class=\"block-contactform alignfull \">\r\n\r\n    <div class=\"bg-gray-900 text-white text-center py-12 lg:pb-20\">\r\n                    <h1 class=\"mb-12 lg:mb-20 text-3xxl font-light\">\u00danete al equipo<\/h1>\r\n        \r\n                    <p class=\"text-3xl max-w-3xl mx-auto leading-tight font-light\">\r\n                Aqu\u00ed no solo dise\u00f1amos eventos excepcionales, sino que tambi\u00e9n buscamos crear un equipo excepcional.            <\/p>\r\n        \r\n                    <ul class=\"list-none flex flex-wrap gap-5 px-5 items-center justify-center m-0\">\r\n                                    <li>\r\n                        <a href=\"#jobs__open-positions\" class=\"button-white-ghost\">\r\n                            B\u00fasquedas activas                        <\/a>\r\n                    <\/li>\r\n                            <\/ul>\r\n        \r\n    <\/div>\r\n\r\n            <div class=\"block-contactform__nav\">\r\n            <nav class=\"mx-auto bg-white rounded sm:rounded-full max-w-max\">\r\n                <ul class=\"list-none flex flex-wrap gap-5 py-4 px-5 items-center justify-center m-0\">\r\n                                            <li class=\"\">\r\n                            <a href=\"https:\/\/www.dicomevents.com\/es\/tengo-un-proyecto\/\" class=\"button-black-ghost\">\r\n                                Tengo un proyecto                            <\/a>\r\n                        <\/li>\r\n                                            <li class=\"hidden md:block\">\r\n                            <a href=\"https:\/\/www.dicomevents.com\/es\/trabaja-con-nosotros\/\" class=\"button-black\">\r\n                                Quiero ser parte del equipo                            <\/a>\r\n                        <\/li>\r\n                                            <li class=\"\">\r\n                            <a href=\"https:\/\/www.dicomevents.com\/es\/contacto\/\" class=\"button-black-ghost\">\r\n                                Os quiero contar algo                            <\/a>\r\n                        <\/li>\r\n                                    <\/ul>\r\n            <\/nav>\r\n        <\/div>\r\n    \r\n\r\n    <div id=\"block-contactform__form\" class=\"container py-12 lg:py-20\">\r\n\r\n                    <h2 class=\"text-center mt-0 mb-12\">\r\n                Quiero ser parte del equipo            <\/h2>\r\n        \r\n        <div class=\"max-w-3xl mx-auto\">\r\n            \n<div class=\"wpcf7 no-js\" id=\"wpcf7-f1231-o1\" lang=\"es-ES\" dir=\"ltr\" data-wpcf7-id=\"1231\">\n<div class=\"screen-reader-response\"><p role=\"status\" aria-live=\"polite\" aria-atomic=\"true\"><\/p> <ul><\/ul><\/div>\n<form action=\"\/es\/wp-json\/wp\/v2\/pages\/173#wpcf7-f1231-o1\" method=\"post\" class=\"wpcf7-form init\" aria-label=\"Formulario de contacto\" enctype=\"multipart\/form-data\" novalidate=\"novalidate\" data-status=\"init\">\n<fieldset class=\"hidden-fields-container\"><input type=\"hidden\" name=\"_wpcf7\" value=\"1231\" \/><input type=\"hidden\" name=\"_wpcf7_version\" value=\"6.1.5\" \/><input type=\"hidden\" name=\"_wpcf7_locale\" value=\"es_ES\" \/><input type=\"hidden\" name=\"_wpcf7_unit_tag\" value=\"wpcf7-f1231-o1\" \/><input type=\"hidden\" name=\"_wpcf7_container_post\" value=\"0\" \/><input type=\"hidden\" name=\"_wpcf7_posted_data_hash\" value=\"\" \/><input type=\"hidden\" name=\"_wpcf7_recaptcha_response\" value=\"\" \/>\n<\/fieldset>\n<div class=\"main-contact-form\">\n\n<div>\n<span class=\"wpcf7-form-control-wrap\" data-name=\"cf-name\"><input size=\"40\" maxlength=\"400\" class=\"wpcf7-form-control wpcf7-text wpcf7-validates-as-required\" id=\"cf-name\" aria-required=\"true\" aria-invalid=\"false\" placeholder=\"Nombre*\" value=\"\" type=\"text\" name=\"cf-name\" \/><\/span>\n<\/div>\n\n<div>\n<span class=\"wpcf7-form-control-wrap\" data-name=\"cf-lastname\"><input size=\"40\" maxlength=\"400\" class=\"wpcf7-form-control wpcf7-text wpcf7-validates-as-required\" id=\"cf-lastname\" aria-required=\"true\" aria-invalid=\"false\" placeholder=\"Apellido*\" value=\"\" type=\"text\" name=\"cf-lastname\" \/><\/span>\n<\/div>\n\n<div>\n<span class=\"wpcf7-form-control-wrap\" data-name=\"cf-email\"><input size=\"40\" maxlength=\"400\" class=\"wpcf7-form-control wpcf7-email wpcf7-validates-as-required wpcf7-text wpcf7-validates-as-email\" id=\"cf-email\" aria-required=\"true\" aria-invalid=\"false\" placeholder=\"E-mail*\" value=\"\" type=\"email\" name=\"cf-email\" \/><\/span>\n<\/div>\n\n<div>\n<span class=\"wpcf7-form-control-wrap\" data-name=\"cf-phone\"><input size=\"40\" maxlength=\"400\" class=\"wpcf7-form-control wpcf7-tel wpcf7-text wpcf7-validates-as-tel\" id=\"cf-phone\" aria-invalid=\"false\" placeholder=\"Tel\u00e9fono\" value=\"\" type=\"tel\" name=\"cf-phone\" \/><\/span>\n<\/div>\n\n<div class=\"full\">\n<label for=\"cf-comments\">\u00bfPor qu\u00e9 quieres trabajar con nosotros?<\/label>\n<span class=\"wpcf7-form-control-wrap\" data-name=\"cf-comments\"><textarea cols=\"40\" rows=\"3\" maxlength=\"2000\" class=\"wpcf7-form-control wpcf7-textarea\" id=\"cf-comments\" aria-invalid=\"false\" name=\"cf-comments\"><\/textarea><\/span>\n<\/div>\n\n<div class=\"full input-file\">\n<label for=\"cf-file\">Sube tu CV*<\/label>\n<div id=\"mfcf7_zl_multifilecontainer\"><span class=\"mfcf7-zl-multiline-sample\" style=\"display:none\"><p class=\"wpcf7-form-control-wrap cf-file\"><input size=\"40\" class=\"wpcf7-form-control wpcf7-multilinefile wpcf7-validates-as-required\" id=\"cf-file\" multiple=\"multiple\" value=\"Subir\" aria-required=\"true\" aria-invalid=\"false\" type=\"file\" name=\"cf-file[]\" \/> <span class=\"mfcf7-zl-multifile-name\"><\/span><a href=\"javascript:void(0);\" class=\"mfcf7_zl_delete_file\"><span class=\"delete-file\" aria-hidden=\"true\">&#x274C;<\/span><\/a><\/p><\/span><\/div><span class=\"wpcf7-form-control-wrap zl-form-control-wrap cf-file\"><input size=\"40\" class=\"wpcf7-form-control wpcf7-multilinefile wpcf7-validates-as-required\" id=\"cf-file\" multiple=\"multiple\" value=\"Subir\" aria-required=\"true\" aria-invalid=\"false\" type=\"file\" name=\"cf-file[]\" \/> <span class=\"mfcf7-zl-multifile-name\"><\/span><a href=\"javascript:void(0);\" class=\"mfcf7_zl_delete_file\"><span class=\"delete-file\" aria-hidden=\"true\">&#x274C;<\/span><\/a><\/span><p><label><span class=\"wpcf7-form-control-wrap\" data-name=\"cf-file-zl-mfcf7-upld-btn\"><input type=\"button\" name=\"cf-file-zl-mfcf7-upld-btn\" class=\"button button-primary qbutton\" id=\"mfcf7_zl_add_file\" value=\"Subir\"><\/span><\/label><\/p>\n<\/div>\n\n<div class=\"full text-sm\">\n<span class=\"wpcf7-form-control-wrap\" data-name=\"cf-acceptance\"><span class=\"wpcf7-form-control wpcf7-acceptance\"><span class=\"wpcf7-list-item\"><label><input type=\"checkbox\" name=\"cf-acceptance\" value=\"1\" id=\"cf-acceptance\" aria-invalid=\"false\" \/><span class=\"wpcf7-list-item-label\">He le\u00eddo, entendido y acepto la <a href=\"\/politica-de-privacidad\" target=\"_blank\">pol\u00edtica de privacidad<\/a><\/span><\/label><\/span><\/span><\/span>\n\n<div class=\"text-xs\">\n<strong><u>Informaci\u00f3n b\u00e1sica sobre Protecci\u00f3n de datos (RGPD 2016\/679 i LOPDGDD 3\/2018)<\/u><\/strong><br>\n<u>Responsable<\/u>: DIPUNTOCOM, S.L.  (en adelante: DICOM); \n<u>Finalidad<\/u>: Gestionar los datos aportados por los candidatos para llevar a cabo el proceso de selecci\u00f3n de personal; \n<u>Legitimaci\u00f3n<\/u>:  Consentimiento del interesado; \n<u>Destinatarios<\/u>:  No se cederan datos a terceros, excepto a empresas especializadas en procesos de selecci\u00f3n de personal, a las empresas del mismo grupo empresarial y\/o por obligaci\u00f3n legal; \n<u>Derechos<\/u>: Acceder, rectificar y suprimir sus datos, as\u00ed como otros derechos, que pueden ejercer tal y como se especifica en  la pol\u00edtica de privacidad de nuestro sitio web: <a target=\"_blank\" href=\"\/es\/politica-de-privacidad\">www.dicomevents.com\/es\/politica-de-privacidad<\/a>\n<\/div>\n<\/div>\n\n<div class=\"full text-sm\">\n<span class=\"wpcf7-form-control-wrap\" data-name=\"cf-accept-commercial\"><span class=\"wpcf7-form-control wpcf7-acceptance optional\"><span class=\"wpcf7-list-item\"><label><input type=\"checkbox\" name=\"cf-accept-commercial\" value=\"1\" id=\"cf-accept-commercial\" aria-invalid=\"false\" \/><span class=\"wpcf7-list-item-label\">Doy mi consentimiento para recibir comunicaciones comerciales posteriores por correo electr\u00f3nico y otros medios de comunicaci\u00f3n ofim\u00e1ticos, tal como establece la Ley LSSI\/CE 34\/2002.<\/span><\/label><\/span><\/span><\/span>\n\n<div class=\"text-xs\">\nSi posteriormente no desea continuar recibiendo nuestras comunicaciones comerciales usted podr\u00e1 revocar el consentimiento enviando un e-mail a no_reply@dicomevents.com con la palabra BAJA.\n<\/div>\n\n<\/div>\n<span class=\"wpcf7-form-control-wrap recaptcha\" data-name=\"recaptcha\"><span data-sitekey=\"6LeVgqYpAAAAALhFUfFYP8w0lMjz1EgQXzhGVocR\" class=\"wpcf7-form-control wpcf7-recaptcha g-recaptcha\"><\/span>\r\n<noscript>\r\n\t<div class=\"grecaptcha-noscript\">\r\n\t\t<iframe loading=\"lazy\" src=\"https:\/\/www.google.com\/recaptcha\/api\/fallback?k=6LeVgqYpAAAAALhFUfFYP8w0lMjz1EgQXzhGVocR\" frameborder=\"0\" scrolling=\"no\" width=\"310\" height=\"430\">\r\n\t\t<\/iframe>\r\n\t\t<textarea name=\"g-recaptcha-response\" rows=\"3\" cols=\"40\" placeholder=\"Aqu\u00ed la respuesta de reCAPTCHA\">\r\n\t\t<\/textarea>\r\n\t<\/div>\r\n<\/noscript>\r\n<\/span>\n<div class=\"full text-center\">\n<input class=\"wpcf7-form-control wpcf7-submit has-spinner ct-link-button button-black-ghost\" id=\"cf-send\" type=\"submit\" value=\"Enviar\" \/>\n<\/div>\n\n<\/div><div class=\"wpcf7-response-output\" aria-hidden=\"true\"><\/div>\n<\/form>\n<\/div>\n        <\/div>\r\n    <\/div>\r\n\r\n\r\n\r\n<\/section>\n\n\n<section id=\"jobs__open-positions\" class=\"block-jobs wp-elements-3520d3906ea9985af708fc262dce10ea alignfull has-background has-gray-800-background-color has-text-color has-white-color py-12 lg:py-20\">\n    <div class=\"container\">\n\t\t<div class=\"grid gap-8 lg:grid-cols-4 border-t border-b border-white pt-6 pb-12 lg:pt-12 lg:pb-24\">\n\t\t\t<div>\n\t\t\t\t\t\t\t\t\t<h2 class=\"text-base font-normal m-0\">\n\t\t\t\t\t\tOpen positions:\t\t\t\t\t<\/h2>\n\t\t\t\t\t\t\t<\/div>\n\t\t\t<div class=\"lg:col-span-3\">\n\t\t\t\t\t\t\t\t\t<div class=\"mb-8 lg:mb-12 2xl:mb-16\">\n\t\t\t\t\t\t<p>Nos encantar\u00eda conocerte.<\/p>\n<p>Si eres una persona entusiasta, innovadora y comprometida, \u00a1podr\u00edas ser la pieza que falta en nuestro puzzle!<\/p>\n\t\t\t\t\t<\/div>\n\t\t\t\t\t\t\t\t\t\t\t\t\t<ul class=\"list-none m-0 grid gap-8 lg:gap-10\">\n\t\t\t\t\t\t\t\t\t\t\t\t\t<li>\n\t\t\t\t\t\t\t\t<div class=\"accordion__button cursor-pointer grid gap-x-4 md:grid-cols-3 pr-12 relative\">\n\t\t\t\t\t\t\t\t\t<div>\n\t\t\t\t\t\t\t\t\t\t\t\t\t\t\t\t\t\t\t\t\t<h3 class=\"text-base font-bold m-0\">\n\t\t\t\t\t\t\t\t\t\t\t\tProject Manager\t\t\t\t\t\t\t\t\t\t\t<\/h3>\n\t\t\t\t\t\t\t\t\t\t\t\t\t\t\t\t\t\t\t<\/div>\n\t\t\t\t\t\t\t\t\t<div>\n\t\t\t\t\t\t\t\t\t\tTiempo completo\t\t\t\t\t\t\t\t\t<\/div>\n\t\t\t\t\t\t\t\t\t<div>\n\t\t\t\t\t\t\t\t\t\tMadrid\t\t\t\t\t\t\t\t\t<\/div>\n\t\t\t\t\t\t\t\t<\/div>\n\n\t\t\t\t\t\t\t\t<div class=\"accordion__content\">\n\t\t\t\t\t\t\t\t\t<div class=\"pt-4 pb-8\">\n\t\t\t\t\t\t\t\t\t\t\t\t\t\t\t\t\t\t\t\t\t<div class=\"text-sm border-t pt-4\">\n\t\t\t\t\t\t\t\t\t\t\t\t<p>\u00a1Hola!<\/p>\n<p>Somos Dicom_events, una de las principales agencias nacionales de arquitectura ef\u00edmera y eventos con m\u00e1s de 25 a\u00f1os de experiencia conectando empresas con su p\u00fablico objetivo, tanto interno como externo. Estamos buscando un Project Manager para unirse a nuestro equipo de Madrid.<\/p>\n<p>\u00bfQu\u00e9 buscamos?<br \/>\nGestor de Proyectos Senior con al menos 5 a\u00f1os de experiencia en agencia de eventos (requisito imprescindible).<\/p>\n<p>Responsabilidades:<\/p>\n<p>&#8211; Elaboraci\u00f3n de presupuestos. An\u00e1lisis de viabilidad y supervisi\u00f3n del proyecto desde su fase conceptual hasta la fase de ejecuci\u00f3n. Evaluaci\u00f3n de riesgos, b\u00fasqueda de soluciones alternativas y gesti\u00f3n de los recursos necesarios.<br \/>\n&#8211; Desarrollo y planificaci\u00f3n de estrategias, aprovechando al m\u00e1ximo el tiempo y los recursos.<br \/>\n&#8211; Gesti\u00f3n de operaciones: An\u00e1lisis, desarrollo y mejora de sistemas y procesos de operaciones.<br \/>\nCreaci\u00f3n de roadbooks y manuales de procesos. Definici\u00f3n de pol\u00edticas y procesos.<br \/>\n&#8211; Coordinaci\u00f3n de la log\u00edstica del evento: reserva de espacios, alojamiento, traslados, catering, personal, audiovisuales, etc.<br \/>\n&#8211; Interlocuci\u00f3n con el cliente durante todo el ciclo del evento para identificar sus necesidades y realizar propuestas adaptadas.<br \/>\n&#8211; Gesti\u00f3n de asuntos legales (LOPD, NDA, contratos, convenios de colaboraci\u00f3n, permisos, etc), en coordinaci\u00f3n con el equipo jur\u00eddico.<br \/>\n&#8211; Preparaci\u00f3n de documentaci\u00f3n para concursos p\u00fablicos y corporativos. Preparaci\u00f3n de propuestas para clientes junto con el equipo creativo y de dise\u00f1o.<br \/>\n&#8211; Revisi\u00f3n y gesti\u00f3n de presentaciones.<\/p>\n<p>Qu\u00e9 valoramos:<br \/>\n\u2022 Experiencia en la producci\u00f3n de grandes eventos, stands, roadshows y obras.<br \/>\n\u2022 Persona positiva, organizada, proactiva, din\u00e1mica, flexible, motivada y entusiasta con el trabajo.<br \/>\n\u2022 Alta capacidad de organizaci\u00f3n y gestionar varios proyectos simult\u00e1neamente.<br \/>\n\u2022 Capacidad de trabajar efectivamente bajo presi\u00f3n y cumplir plazos.<br \/>\n\u2022 Buen trato con cliente, compa\u00f1eros y proveedores.<br \/>\n\u2022 Ingl\u00e9s nivel Advanced.<br \/>\n\u2022 Alem\u00e1n (valorable).<\/p>\n<p>\u00bfQu\u00e9 ofrecemos?<br \/>\n&#8211; Horario flexible.<br \/>\n&#8211; Membres\u00eda en plataforma de bienestar\/deportes.<br \/>\n&#8211; Clases de ingl\u00e9s.<br \/>\n&#8211; Un d\u00eda de teletrabajo.<br \/>\n&#8211; Jornada intensiva de trabajo todos los viernes.<br \/>\n&#8211; D\u00eda libre por cumplea\u00f1os<\/p>\n\t\t\t\t\t\t\t\t\t\t\t<\/div>\n\t\t\t\t\t\t\t\t\t\t\t\t\t\t\t\t\t\t\t\t\t\t\t\t\t\t\t\t\t\t\t<a\n\t\t\t\t\t\t\t\t\t\t\t\thref=\"#block-contactform__form\"\n\t\t\t\t\t\t\t\t\t\t\t\tdata-job-title=\"Project Manager\"\n\t\t\t\t\t\t\t\t\t\t\t\tclass=\"button-white-ghost ltw-inscribete-btn\"\n\t\t\t\t\t\t\t\t\t\t\t>\n\t\t\t\t\t\t\t\t\t\t\t\tInscr\u00edbete\t\t\t\t\t\t\t\t\t\t\t<\/a>\n\t\t\t\t\t\t\t\t\t\t\t\t\t\t\t\t\t\t\t<\/div>\n\t\t\t\t\t\t\t\t<\/div>\n\t\t\t\t\t\t\t<\/li>\n\t\t\t\t\t\t\t\t\t\t\t\t\t<li>\n\t\t\t\t\t\t\t\t<div class=\"accordion__button cursor-pointer grid gap-x-4 md:grid-cols-3 pr-12 relative\">\n\t\t\t\t\t\t\t\t\t<div>\n\t\t\t\t\t\t\t\t\t\t\t\t\t\t\t\t\t\t\t\t\t<h3 class=\"text-base font-bold m-0\">\n\t\t\t\t\t\t\t\t\t\t\t\tArquitecto\/a t\u00e9cnico o Dise\u00f1ador\t\t\t\t\t\t\t\t\t\t\t<\/h3>\n\t\t\t\t\t\t\t\t\t\t\t\t\t\t\t\t\t\t\t<\/div>\n\t\t\t\t\t\t\t\t\t<div>\n\t\t\t\t\t\t\t\t\t\tTiempo completo\t\t\t\t\t\t\t\t\t<\/div>\n\t\t\t\t\t\t\t\t\t<div>\n\t\t\t\t\t\t\t\t\t\tBarcelona\t\t\t\t\t\t\t\t\t<\/div>\n\t\t\t\t\t\t\t\t<\/div>\n\n\t\t\t\t\t\t\t\t<div class=\"accordion__content\">\n\t\t\t\t\t\t\t\t\t<div class=\"pt-4 pb-8\">\n\t\t\t\t\t\t\t\t\t\t\t\t\t\t\t\t\t\t\t\t\t<div class=\"text-sm border-t pt-4\">\n\t\t\t\t\t\t\t\t\t\t\t\t<p>\u00a1Hola!<\/p>\n<p>Somos Dicom_events.<\/p>\n<p>Una de las agencias de eventos y arquitectura ef\u00edmera de referencia a nivel nacional con una experiencia de m\u00e1s 25 a\u00f1os conectando a empresas con sus p\u00fablicos objetivos, tanto a nivel interno como externo. Buscamos un\/a arquitecto\/a t\u00e9cnico o dise\u00f1ador con experiencia en arquitectura ef\u00edmera y construcci\u00f3n de stands, para unirse a nuestro equipo de producci\u00f3n y compras.<\/p>\n<p><strong>Responsabilidades principales:<\/strong><\/p>\n<ul>\n<li>Elaboraci\u00f3n de presupuestos: Realizar presupuestos y optimizar costos sin comprometer la calidad.<\/li>\n<li>Gesti\u00f3n de proveedores: Buscar, evaluar y seleccionar proveedores adecuados, negociando t\u00e9rminos y condiciones.<\/li>\n<li>Coordinaci\u00f3n con proveedores para asegurar la calidad y entrega oportuna de los materiales de dise\u00f1o.<\/li>\n<li>Capacidad para llevar un proyecto completo de principio a fin, coordinando equipos y gesti\u00f3n del control de obra.<\/li>\n<\/ul>\n<p><strong>Requisitos:<\/strong><\/p>\n<ul>\n<li>Gesti\u00f3n de presupuestos<\/li>\n<li>Lectura de planos.<\/li>\n<li>Experiencia en puestos similares en el \u00e1rea de compras.<\/li>\n<li>Conocimiento de proveedores del sector de stands, ferias, arquitectura ef\u00edmera, retail.<\/li>\n<li>Experiencia en gesti\u00f3n y negociaci\u00f3n con proveedores, habilidades de comunicaci\u00f3n efectiva.<\/li>\n<\/ul>\n<p><strong>\u00bfQu\u00e9 ofrecemos?<\/strong><\/p>\n<ul>\n<li>Horario flexible.<\/li>\n<li>Jornada intensiva los viernes.<\/li>\n<li>1 d\u00eda de teletrabajo.<\/li>\n<li>Bonificaci\u00f3n por actividad f\u00edsica.<\/li>\n<li>D\u00eda de cumplea\u00f1os festivo.<\/li>\n<li>Oficina en el centro de Barcelona.<\/li>\n<\/ul>\n\t\t\t\t\t\t\t\t\t\t\t<\/div>\n\t\t\t\t\t\t\t\t\t\t\t\t\t\t\t\t\t\t\t\t\t\t\t\t\t\t\t\t\t\t\t<a\n\t\t\t\t\t\t\t\t\t\t\t\thref=\"#block-contactform__form\"\n\t\t\t\t\t\t\t\t\t\t\t\tdata-job-title=\"Arquitecto\/a t\u00e9cnico o Dise\u00f1ador\"\n\t\t\t\t\t\t\t\t\t\t\t\tclass=\"button-white-ghost ltw-inscribete-btn\"\n\t\t\t\t\t\t\t\t\t\t\t>\n\t\t\t\t\t\t\t\t\t\t\t\tInscr\u00edbete\t\t\t\t\t\t\t\t\t\t\t<\/a>\n\t\t\t\t\t\t\t\t\t\t\t\t\t\t\t\t\t\t\t<\/div>\n\t\t\t\t\t\t\t\t<\/div>\n\t\t\t\t\t\t\t<\/li>\n\t\t\t\t\t\t\t\t\t\t\t\t\t<li>\n\t\t\t\t\t\t\t\t<div class=\"accordion__button cursor-pointer grid gap-x-4 md:grid-cols-3 pr-12 relative\">\n\t\t\t\t\t\t\t\t\t<div>\n\t\t\t\t\t\t\t\t\t\t\t\t\t\t\t\t\t\t\t\t\t<h3 class=\"text-base font-bold m-0\">\n\t\t\t\t\t\t\t\t\t\t\t\tSr. Project Manager\t\t\t\t\t\t\t\t\t\t\t<\/h3>\n\t\t\t\t\t\t\t\t\t\t\t\t\t\t\t\t\t\t\t<\/div>\n\t\t\t\t\t\t\t\t\t<div>\n\t\t\t\t\t\t\t\t\t\tTiempo completo\t\t\t\t\t\t\t\t\t<\/div>\n\t\t\t\t\t\t\t\t\t<div>\n\t\t\t\t\t\t\t\t\t\tBarcelona\t\t\t\t\t\t\t\t\t<\/div>\n\t\t\t\t\t\t\t\t<\/div>\n\n\t\t\t\t\t\t\t\t<div class=\"accordion__content\">\n\t\t\t\t\t\t\t\t\t<div class=\"pt-4 pb-8\">\n\t\t\t\t\t\t\t\t\t\t\t\t\t\t\t\t\t\t\t\t\t<div class=\"text-sm border-t pt-4\">\n\t\t\t\t\t\t\t\t\t\t\t\t<div class=\"section\">\n<div class=\"job-description t-job-description\">\n<p>\u00a1Hola!<\/p>\n<p>Somos Dicom_events.<\/p>\n<p>Agencia especializada en eventos y acciones de comunicaci\u00f3n con m\u00e1s de 25 a\u00f1os de experiencia en el sector. Necesitamos incorporar al equipo profesionales para reforzar nuestro departamento de Eventos en Barcelona.<\/p>\n<p><strong>\u00bfQu\u00e9 buscamos?<\/strong><\/p>\n<p>Senior Project Manager con experiencia m\u00ednima de 5 a\u00f1os en agencia de eventos (requisito indispensable).<\/p>\n<p><strong>Responsabilidades:<\/strong><\/p>\n<p>\u2022 Elaboraci\u00f3n de presupuestos. An\u00e1lisis de viabilidad y supervisi\u00f3n del proyecto desde su fase<br \/>\nconceptual hasta la fase de ejecuci\u00f3n. Evaluaci\u00f3n de riesgos, b\u00fasqueda de soluciones alternativas y<br \/>\ngesti\u00f3n de recursos necesarios.<br \/>\n\u2022 Desarrollo y planificaci\u00f3n de estrategias, rentabilizando tiempo y recursos.<br \/>\n\u2022 Direcci\u00f3n de Operaciones: An\u00e1lisis, desarrollo y mejora de sistemas y procesos de operaciones.<br \/>\nRealizaci\u00f3n de Roadbook y manuales de procesos. Definici\u00f3n de pol\u00edticas y procesos.<br \/>\n\u2022 Coordinar la log\u00edstica de los eventos: reservas de espacio, alojamiento, transfers, caterings, staff,<br \/>\naudiovisuales, etc<br \/>\n\u2022 Interlocuci\u00f3n con el\/la cliente a lo largo de todo el ciclo del evento para identificar sus necesidades,<br \/>\ny realizar propuesta adaptadas.<br \/>\n\u2022 Gesti\u00f3n de asuntos legales (LOPD, NDA, contratos, acuerdos de colaboraci\u00f3n, permisos, etc), en<br \/>\ncoordinaci\u00f3n con equipo legal.<br \/>\n\u2022 Preparaci\u00f3n de documentaci\u00f3n para concursos p\u00fablicos y corporativos. Preparar propuestas para<br \/>\nclientes junto con el equipo creativo y de dise\u00f1o.<br \/>\n\u2022 Revisi\u00f3n y gesti\u00f3n de presentaciones.<\/p>\n<p><strong>Qu\u00e9 valoramos:<\/strong><\/p>\n<p>\u2022 Experiencia en la producci\u00f3n de grandes eventos, stands, roadshows y obras.<br \/>\n\u2022 Persona positiva, organizada, proactiva, din\u00e1mica, flexible, motivada y entusiasta con el trabajo.<br \/>\n\u2022 Alta capacidad de organizaci\u00f3n y gestionar varios proyectos simult\u00e1neamente.<br \/>\n\u2022 Capacidad de trabajar efectivamente bajo presi\u00f3n y cumplir plazos.<br \/>\n\u2022 Buen trato con cliente, compa\u00f1eros y proveedores.<br \/>\n\u2022 Ingl\u00e9s nivel Advanced.<br \/>\n\u2022 Alem\u00e1n (valorable).<\/p>\n<p><strong>\u00bfQu\u00e9 ofrecemos?<\/strong><\/p>\n<p>\u2022 Horario flexible.<br \/>\n\u2022 Un d\u00eda de teletrabajo.<br \/>\n\u2022 Jornada intensiva todos los viernes.<br \/>\n\u2022 Oficina en el centro de Barcelona.<br \/>\n\u2022 Gran terraza donde disfrutar las horas libres.<\/p>\n<\/div>\n<\/div>\n\t\t\t\t\t\t\t\t\t\t\t<\/div>\n\t\t\t\t\t\t\t\t\t\t\t\t\t\t\t\t\t\t\t\t\t\t\t\t\t\t\t\t\t\t\t<a\n\t\t\t\t\t\t\t\t\t\t\t\thref=\"#block-contactform__form\"\n\t\t\t\t\t\t\t\t\t\t\t\tdata-job-title=\"Sr. Project Manager\"\n\t\t\t\t\t\t\t\t\t\t\t\tclass=\"button-white-ghost ltw-inscribete-btn\"\n\t\t\t\t\t\t\t\t\t\t\t>\n\t\t\t\t\t\t\t\t\t\t\t\tInscr\u00edbete\t\t\t\t\t\t\t\t\t\t\t<\/a>\n\t\t\t\t\t\t\t\t\t\t\t\t\t\t\t\t\t\t\t<\/div>\n\t\t\t\t\t\t\t\t<\/div>\n\t\t\t\t\t\t\t<\/li>\n\t\t\t\t\t\t\t\t\t\t\t<\/ul>\n\t\t\t\t\t\t\t<\/div>\n\t\t<\/div>\n\n\t<\/div>\n<\/section>\n\n\n<div class=\"wp-block-group alignfull has-white-color has-gray-800-background-color has-text-color has-background has-link-color wp-elements-57f6ef1cbec5f4d2171a0f2dfc9ad46e\"><div class=\"wp-block-group__inner-container is-layout-constrained wp-block-group-is-layout-constrained\"><\/div><\/div>\n\n\n\n<p><\/p>\n","protected":false},"excerpt":{"rendered":"","protected":false},"author":1,"featured_media":0,"parent":0,"menu_order":0,"comment_status":"closed","ping_status":"closed","template":"","meta":{"_acf_changed":false,"footnotes":""},"class_list":["post-173","page","type-page","status-publish","hentry"],"acf":[],"_links":{"self":[{"href":"https:\/\/www.dicomevents.com\/es\/wp-json\/wp\/v2\/pages\/173","targetHints":{"allow":["GET"]}}],"collection":[{"href":"https:\/\/www.dicomevents.com\/es\/wp-json\/wp\/v2\/pages"}],"about":[{"href":"https:\/\/www.dicomevents.com\/es\/wp-json\/wp\/v2\/types\/page"}],"author":[{"embeddable":true,"href":"https:\/\/www.dicomevents.com\/es\/wp-json\/wp\/v2\/users\/1"}],"replies":[{"embeddable":true,"href":"https:\/\/www.dicomevents.com\/es\/wp-json\/wp\/v2\/comments?post=173"}],"version-history":[{"count":55,"href":"https:\/\/www.dicomevents.com\/es\/wp-json\/wp\/v2\/pages\/173\/revisions"}],"predecessor-version":[{"id":4602,"href":"https:\/\/www.dicomevents.com\/es\/wp-json\/wp\/v2\/pages\/173\/revisions\/4602"}],"wp:attachment":[{"href":"https:\/\/www.dicomevents.com\/es\/wp-json\/wp\/v2\/media?parent=173"}],"curies":[{"name":"wp","href":"https:\/\/api.w.org\/{rel}","templated":true}]}}