{"id":169,"date":"2023-10-30T11:42:25","date_gmt":"2023-10-30T11:42:25","guid":{"rendered":"http:\/\/dicomevents.vl25185.dinaserver.com\/?page_id=169"},"modified":"2025-08-27T13:09:23","modified_gmt":"2025-08-27T13:09:23","slug":"sostenibilidad","status":"publish","type":"page","link":"https:\/\/www.dicomevents.com\/es\/sostenibilidad\/","title":{"rendered":"Comprometidos con la sostenibilidad"},"content":{"rendered":"\n<p>En Dicom_events apostamos por la sostenibilidad y estamos <a href=\"https:\/\/www.dicomevents.com\/wp-content\/uploads\/2025\/08\/Comunicacion_desempeno_GRUPO_O_prot.pdf\" target=\"_blank\" rel=\"noreferrer noopener\"><em><strong>comprometidos con una gesti\u00f3n eficiente de los recursos.<\/strong><\/em><\/a><\/p>\n\n\n\n<p>Para garantizar que nuestros proyectos sean sostenibles nos cercioramos que nuestros proveedores <a href=\"https:\/\/www.dicomevents.com\/wp-content\/uploads\/2023\/11\/FG04_01_Com_req_SIG.pdf\" target=\"_blank\" rel=\"noreferrer noopener\"><strong><em>cumplan con los principales requisitos medioambientales.<\/em><\/strong><\/a><\/p>\n\n\n\n<p>En 2024, <strong><em>AENOR nos ha certificado con la ISO14.001 <\/em><\/strong>de Gesti\u00f3n Medioambiental.<\/p>\n\n\n\n<p>Este reconocimiento no s\u00f3lo refuerza nuestra responsabilidad con el medio ambiente, sino que nos posiciona como una empresa comprometida con la sostenibilidad y el bienestar de todos.<\/p>\n\n\n\n<p>Algunas de las pr\u00e1cticas que realizamos en \u00e1mbitos de la responsabilidad social.<\/p>\n\n\n\n<p><\/p>\n\n\n\n<ul class=\"wp-block-list\">\n<li><strong>Materiales sostenibles:<\/strong> Priorizamos materiales reciclables o biodegradables para el desarrollo de nuestros proyectos.<\/li>\n\n\n\n<li><strong>Reciclaje:<\/strong> Reutilizamos el m\u00e1ximo posible todos los materiales que utilizamos a la hora de desarrollar cualquier proyecto.<\/li>\n\n\n\n<li><strong>Huella ambiental:<\/strong> Tratamos de reducir al m\u00e1ximo nuestra huella ambiental. Trabajamos con proveedores locales de Km0 y optimizamos nuestras rutas al m\u00e1ximo para reducir el uso de veh\u00edculos contaminantes.<\/li>\n\n\n\n<li><strong>I+D:<\/strong> Dise\u00f1amos y priorizamos en los eventos equipos y tecnolog\u00edas energ\u00e9ticamente eficientes. Tratamos de buscar siempre soluciones innovadoras como el uso de nuevos materiales que generen un mejor impacto en el medioambiente.<\/li>\n\n\n\n<li><strong>Buen ambiente laboral:<\/strong> Siempre organizamos peque\u00f1os eventos para garantizar el bienestar de las personas que conforman la empresa. Entre ellos: workshops, charlas de Mindfulness y alimentaci\u00f3n saludable, etc.<\/li>\n\n\n\n<li>Fomentamos la <strong>igualdad en todos los aspectos<\/strong>. En Dicom_events no vemos g\u00e9neros, vemos personas.<\/li>\n\n\n\n<li>Fomentamos un modo de <strong>vida saludable para el empleado.<\/strong> Por ello, proporcionamos una plataforma donde la empresa subvenciona fitness y actividades al aire libre fuera del \u00e1mbito laboral.<\/li>\n<\/ul>\n\n\n\n<p>Conoce m\u00e1s sobre nuestro <strong><em>sistema de gesti\u00f3n de medioambiente <a href=\"https:\/\/www.dicomevents.com\/wp-content\/uploads\/2023\/11\/MG-A-I_Politica.pdf\">aqu\u00ed<\/a><\/em><\/strong><\/p>\n\n\n\n<p><\/p>\n","protected":false},"excerpt":{"rendered":"<p>En Dicom_events apostamos por la sostenibilidad y estamos comprometidos con una gesti\u00f3n eficiente de los recursos. Para garantizar que nuestros proyectos sean sostenibles nos cercioramos que nuestros proveedores cumplan con los principales requisitos medioambientales. En 2024, AENOR nos ha certificado con la ISO14.001 de Gesti\u00f3n Medioambiental. Este reconocimiento no s\u00f3lo refuerza nuestra responsabilidad con el [&hellip;]<\/p>\n","protected":false},"author":1,"featured_media":0,"parent":0,"menu_order":0,"comment_status":"closed","ping_status":"closed","template":"","meta":{"_acf_changed":false,"footnotes":""},"class_list":["post-169","page","type-page","status-publish","hentry"],"acf":[],"_links":{"self":[{"href":"https:\/\/www.dicomevents.com\/es\/wp-json\/wp\/v2\/pages\/169","targetHints":{"allow":["GET"]}}],"collection":[{"href":"https:\/\/www.dicomevents.com\/es\/wp-json\/wp\/v2\/pages"}],"about":[{"href":"https:\/\/www.dicomevents.com\/es\/wp-json\/wp\/v2\/types\/page"}],"author":[{"embeddable":true,"href":"https:\/\/www.dicomevents.com\/es\/wp-json\/wp\/v2\/users\/1"}],"replies":[{"embeddable":true,"href":"https:\/\/www.dicomevents.com\/es\/wp-json\/wp\/v2\/comments?post=169"}],"version-history":[{"count":17,"href":"https:\/\/www.dicomevents.com\/es\/wp-json\/wp\/v2\/pages\/169\/revisions"}],"predecessor-version":[{"id":4622,"href":"https:\/\/www.dicomevents.com\/es\/wp-json\/wp\/v2\/pages\/169\/revisions\/4622"}],"wp:attachment":[{"href":"https:\/\/www.dicomevents.com\/es\/wp-json\/wp\/v2\/media?parent=169"}],"curies":[{"name":"wp","href":"https:\/\/api.w.org\/{rel}","templated":true}]}}