{"id":101,"date":"2023-10-25T13:18:41","date_gmt":"2023-10-25T13:18:41","guid":{"rendered":"http:\/\/localhost\/politica-de-cookies\/"},"modified":"2025-02-11T08:52:22","modified_gmt":"2025-02-11T08:52:22","slug":"politica-de-cookies","status":"publish","type":"page","link":"https:\/\/www.dicomevents.com\/es\/politica-de-cookies\/","title":{"rendered":"Pol\u00edtica de cookies"},"content":{"rendered":"\n<p><em>Actualizada:<\/em> Nov-24<\/p>\n\n\n\n<p>El sitio web <a href=\"http:\/\/www.dicomevents.com\">www.dicomevents.com<\/a> es responsabilidad de DIPUNTOCOM, S.L. (en adelante DICOM), con domicilio social en C\/S\u00e9neca, 11, bajos &#8211; 08006 &#8211; Barcelona (Barcelona) con CIF: B61806485.<\/p>\n\n\n\n<p>Consecuentemente, la utilizaci\u00f3n de cookies se le aplica la presente \u00abPol\u00edtica de Uso de Cookies\u00bb que ha sido elaborada con el fin de que el usuario quede informado de los diferentes usos que se llevan a cabo en estos dispositivos y, pueda consentir su tratamiento de manera informada, de conformidad con lo previsto en la legislaci\u00f3n vigente.<\/p>\n\n\n\n<p><strong>\u00bfQu\u00e9 es una cookie?<\/strong><\/p>\n\n\n\n<p>Una cookie es un fichero que se descarga en su ordenador al acceder el Usuario a determinadas p\u00e1ginas web. Las cookies permiten a una p\u00e1gina web, entre otras cosas, almacenar y recuperar informaci\u00f3n sobre los h\u00e1bitos de navegaci\u00f3n de un usuario o de su equipo y, dependiendo de la informaci\u00f3n que contengan y de la forma en que utilice su equipo, pueden utilizarse para reconocer al usuario.<\/p>\n\n\n\n<p><strong>\u00bfQu\u00e9 tipos de cookies existen?<\/strong><\/p>\n\n\n\n<p>Existen varios tipos de cookies en funci\u00f3n de distintos criterios:<\/p>\n\n\n\n<p>En funci\u00f3n del tiempo que permanecen activadas:<\/p>\n\n\n\n<ul class=\"wp-block-list\">\n<li>Cookies de sesi\u00f3n. Son un tipo de cookies dise\u00f1adas para recabar y almacenar datos mientras el usuario accede a una p\u00e1gina web.<\/li>\n\n\n\n<li>Cookies permanentes: Son un tipo de cookies en el que los datos siguen almacenados en el terminal y pueden ser accedidos y tratados durante un periodo definido por el responsable de la cookie.<\/li>\n<\/ul>\n\n\n\n<p>En funci\u00f3n de la titularidad:<\/p>\n\n\n\n<ul class=\"wp-block-list\">\n<li>Cookies propias. Son las que pertenecen a DICOM<\/li>\n\n\n\n<li>Cookies de terceros. Son aquellas cuya titularidad es de un tercero, distinto de DICOM, que ser\u00e1 quien trate la informaci\u00f3n recabada.<\/li>\n<\/ul>\n\n\n\n<p>En funci\u00f3n de su finalidad:<\/p>\n\n\n\n<ul class=\"wp-block-list\">\n<li>Cookies t\u00e9cnicas y\/o de personalizaci\u00f3n. Son aqu\u00e9llas que sirven para mejorar el servicio, localizar incidencias, reconocer al usuario, etc.<\/li>\n\n\n\n<li>Cookies de an\u00e1lisis y\/o de publicidad. Son aqu\u00e9llas que sirven para analizar informaci\u00f3n sobre la navegaci\u00f3n y ofrecer publicidad, sea gen\u00e9rica o personalizada.<\/li>\n<\/ul>\n\n\n\n<p><strong>\u00bfQu\u00e9 tipos de cookies son m\u00e1s habituales?<\/strong><\/p>\n\n\n\n<p>T\u00c9CNICAS: Son cookies PROPIAS, de sesi\u00f3n, de identificaci\u00f3n, de configuraci\u00f3n y de registro, estrictamente necesarias para la identificaci\u00f3n del usuario y para la prestaci\u00f3n de los servicios solicitados por el usuario. La informaci\u00f3n obtenida a trav\u00e9s de las mismas es tratada \u00fanicamente por DICOM<\/p>\n\n\n\n<p>DE AN\u00c1LISIS: Son aqu\u00e9llas que, bien tratadas por nosotros o por terceros, nos permiten cuantificar el n\u00famero de usuarios y as\u00ed realizar la medici\u00f3n y an\u00e1lisis estad\u00edstico de la utilizaci\u00f3n que hacen los usuarios del servicio ofertado. Para ello se analiza su navegaci\u00f3n en nuestra p\u00e1gina web con el fin de mejorar la oferta de productos o servicios que le ofrecemos.<\/p>\n\n\n\n<p>DE PUBLICIDAD: Son aqu\u00e9llas que, bien tratadas por nosotros o por terceros, permiten la gesti\u00f3n, de la forma m\u00e1s eficaz posible, de los espacios publicitarios que se pudieran incluir en nuestra p\u00e1gina web y\/o almacenan informaci\u00f3n del comportamiento de los usuarios obtenida a trav\u00e9s de la observaci\u00f3n continuada. Gracias a ellas, podemos conocer los h\u00e1bitos de navegaci\u00f3n en internet y mostrarle publicidad relacionada con su perfil de navegaci\u00f3n.<\/p>\n\n\n\n<p><strong>\u00bfPara qu\u00e9 sirve una cookie?<\/strong><\/p>\n\n\n\n<p>Las cookies se utilizan para poder ofrecerle servicios y\/o publicidad personalizados, para analizar el funcionamiento del sistema, reconocerle cuando accede como usuario, localizar incidencias y problemas que puedan surgir y solventarlos en el menor plazo posible, as\u00ed como analizar y medir el uso y actividad de la p\u00e1gina web.<\/p>\n\n\n\n<p><strong>\u00bfSe necesita mi consentimiento para implantar una cookie?<\/strong><\/p>\n\n\n\n<p>No se precisa el consentimiento para la instalaci\u00f3n de cookies t\u00e9cnicas o las que sean estrictamente necesarias para la prestaci\u00f3n de un servicio de la sociedad de la informaci\u00f3n expresamente solicitado por el destinatario.<\/p>\n\n\n\n<p>Para el resto, s\u00ed se precisa del consentimiento del interesado que se puede solicitar por distintas v\u00edas. En el caso de DICOM, se otorgar\u00e1 si usted acepta las cookies al entrar en la web, sin perjuicio de que en cualquier momento podr\u00e1 revocar el consentimiento y desactivarlas.<\/p>\n\n\n\n<p><strong>\u00bfQu\u00e9 tipos de cookies utiliza esta p\u00e1gina web?<\/strong><\/p>\n\n\n\n<p>Cookies t\u00e9cnicas: Son aquellas creadas y gestionadas \u00fanicamente por nosotros, y permiten al usuario la navegaci\u00f3n a trav\u00e9s de nuestra p\u00e1gina web y la utilizaci\u00f3n de las diferentes opciones como, por ejemplo, identificar la sesi\u00f3n, personalizar informaci\u00f3n o acceder a zonas de acceso restringido.<\/p>\n\n\n\n<p>El lugar web de DICOM, utiliza Google Analytics, una herramienta de anal\u00edtica web desarrollada por Google, que ayuda a los propietarios de sitios web a medir c\u00f3mo interact\u00faan los usuarios con el contenido del sitio.&nbsp; Para la prestaci\u00f3n de estos servicios, Google Analytics utilizan cookies que recopilan la informaci\u00f3n, incluida la direcci\u00f3n IP del usuario que ser\u00e1 trasmitida, tratada y almacenada por Google en los t\u00e9rminos fijados en la web Google.com.<\/p>\n\n\n\n<p>Para m\u00e1s informaci\u00f3n ver:<\/p>\n\n\n\n<p>&nbsp;<a href=\"https:\/\/support.google.com\/analytics\/answer\/10089681?hl=es-419&amp;ref_topic=14089939&amp;sjid=17324657723508879851-EU\" target=\"_blank\" rel=\"noopener\">[GA4] Presentamos la nueva generaci\u00f3n de Analytics: Google Analytics 4 &#8211; Ayuda de Analytics<\/a><\/p>\n\n\n\n<p>El dominio web www.dicomevents.com utiliza los siguientes tipos de cookies:<\/p>\n\n\n\n<figure class=\"wp-block-table\"><table class=\"has-fixed-layout\"><tbody><tr><td>Propiedad<\/td><td>Nombre de la cookie<\/td><td>Finalidad<\/td><td>Expira<\/td><\/tr><tr><td><a href=\"http:\/\/www.google.com\" target=\"_blank\" rel=\"noopener\">www.google.com<\/a><\/td><td>__Secure-ENID &nbsp;<\/td><td>Google permite personalizar como se ven los anuncios fuera de google o almacenar informaci\u00f3n como el idioma preferido a la hora de mostrar resultados de b\u00fasqueda. &nbsp;<\/td><td>2 a\u00f1os<\/td><\/tr><tr><td>www.dicomevents.com<\/td><td>_ga &nbsp;<\/td><td>Habilita la funci\u00f3n de control de visitas \u00fanicas. La primera vez que un usuario entra en un sitio web a trav\u00e9s de un navegador se instalar\u00e1 esta cookie. Cuando este usuario vuelva a entrar en la web con el mismo navegador, la cookie considerar\u00e1 que es el mismo usuario. S\u00f3lo en el caso que el usuario cambie de navegador, se considerar\u00e1 que es otro usuario. &nbsp;<\/td><td>2 a\u00f1os<\/td><\/tr><tr><td><a href=\"http:\/\/www.google.com\" target=\"_blank\" rel=\"noopener\">www.google.com<\/a><\/td><td>AEC<\/td><td>Cookie necesaria para la utilizaci\u00f3n de las opciones y servicios del sitio web.<\/td><td>1 a\u00f1o<\/td><\/tr><tr><td>www.dicomevents.com<\/td><td>cmplz_banner-status, cmplz_consented_services, cmplz_functional, cmplz_marketing, cmplz_policy_id, cmplz_preferences, cmplz_statistics<\/td><td>Son cookies usadas para recordar la aceptaci\u00f3n de la pol\u00edtica de cookies por parte del usuario. &nbsp;<\/td><td>1 a\u00f1o<\/td><\/tr><tr><td><a href=\"http:\/\/www.google.com\" target=\"_blank\" rel=\"noopener\">www.google.com<\/a><\/td><td>SOCS<\/td><td>Se usa para almacenar el estado de un usuario en relaci\u00f3n con sus elecciones de cookies. &nbsp;<\/td><td>13 meses<\/td><\/tr><tr><td>www.dicomevents.com<\/td><td>wp-wpml_current_language<\/td><td>Almacena el idioma actual. Esta cookie est\u00e1 configurada s\u00f3lo para usuarios registrados. &nbsp;<\/td><td>1 d\u00eda<\/td><\/tr><\/tbody><\/table><\/figure>\n\n\n\n<p><strong>\u00bfC\u00f3mo desactivar cookies?<\/strong><\/p>\n\n\n\n<p>Puede permitir, bloquear o eliminar las cookies instaladas en su equipo mediante la configuraci\u00f3n de las opciones del navegador instalado en su ordenador.<\/p>\n\n\n\n<ul class=\"wp-block-list\">\n<li>Firefox : <a href=\"https:\/\/support.mozilla.org\/es\/kb\/habilitar-y-deshabilitar-cookies-sitios-web-rastrear-preferencias?redirectlocale=es&amp;redirectslug=habilitar-y-deshabilitar-cookies-que-los-sitios-we\" target=\"_blank\" rel=\"noopener\">https:\/\/support.mozilla.org\/es\/kb\/habilitar-y-deshabilitar-cookies-sitios-web-rastrear-preferencias?redirectlocale=es&amp;redirectslug=habilitar-y-deshabilitar-cookies-que-los-sitios-we<\/a><\/li>\n\n\n\n<li>Chrome: <a href=\"https:\/\/support.google.com\/chrome\/answer\/95647?hl=es\" target=\"_blank\" rel=\"noopener\">https:\/\/support.google.com\/chrome\/answer\/95647?hl=es<\/a><\/li>\n<\/ul>\n\n\n\n<ul class=\"wp-block-list\">\n<li>Internet Explorer: <a href=\"https:\/\/support.microsoft.com\/es-es\/products\/windows?os=windows-10\" target=\"_blank\" rel=\"noopener\">https:\/\/support.microsoft.com\/es-es\/products\/windows?os=windows-10<\/a><\/li>\n<\/ul>\n\n\n\n<ul class=\"wp-block-list\">\n<li>Safari: <a href=\"https:\/\/support.apple.com\/kb\/ph5042?locale=es_ES\" target=\"_blank\" rel=\"noopener\">https:\/\/support.apple.com\/kb\/ph5042?locale=es_ES<\/a><\/li>\n<\/ul>\n\n\n\n<ul class=\"wp-block-list\">\n<li>Safari para iOS: <a href=\"https:\/\/support.apple.com\/es-es\/HT201265\" target=\"_blank\" rel=\"noopener\">https:\/\/support.apple.com\/es-es\/HT201265<\/a><\/li>\n<\/ul>\n\n\n\n<ul class=\"wp-block-list\">\n<li>Opera: <a href=\"http:\/\/help.opera.com\/Windows\/11.50\/es-ES\/cookies.html\" target=\"_blank\" rel=\"noopener\">http:\/\/help.opera.com\/Windows\/11.50\/es-ES\/cookies.html<\/a><\/li>\n<\/ul>\n\n\n\n<p><strong>Ejercicio de derechos<\/strong><\/p>\n\n\n\n<p>Puede conocer y ejercer sus derechos en materia de protecci\u00f3n de datos accediendo a nuestra pol\u00edtica de privacidad www.dicomevents.com\/politica-de-privacidad\/<\/p>\n\n\n\n<p><strong>Informaci\u00f3n adicional<\/strong><\/p>\n\n\n\n<p>Pueden consultar m\u00e1s informaci\u00f3n en la gu\u00eda sobre el uso de las cookies editada por la AEPD en el siguiente enlace: <a href=\"https:\/\/www.aepd.es\/es\/documento\/guia-cookies.pdf\" target=\"_blank\" rel=\"noopener\">https:\/\/www.aepd.es\/es\/documento\/guia-cookies.pdf<\/a><\/p>\n","protected":false},"excerpt":{"rendered":"<p>Actualizada: Nov-24 El sitio web www.dicomevents.com es responsabilidad de DIPUNTOCOM, S.L. (en adelante DICOM), con domicilio social en C\/S\u00e9neca, 11, bajos &#8211; 08006 &#8211; Barcelona (Barcelona) con CIF: B61806485. Consecuentemente, la utilizaci\u00f3n de cookies se le aplica la presente \u00abPol\u00edtica de Uso de Cookies\u00bb que ha sido elaborada con el fin de que el usuario [&hellip;]<\/p>\n","protected":false},"author":1,"featured_media":0,"parent":0,"menu_order":0,"comment_status":"closed","ping_status":"closed","template":"","meta":{"_acf_changed":false,"footnotes":""},"class_list":["post-101","page","type-page","status-publish","hentry"],"acf":[],"_links":{"self":[{"href":"https:\/\/www.dicomevents.com\/es\/wp-json\/wp\/v2\/pages\/101","targetHints":{"allow":["GET"]}}],"collection":[{"href":"https:\/\/www.dicomevents.com\/es\/wp-json\/wp\/v2\/pages"}],"about":[{"href":"https:\/\/www.dicomevents.com\/es\/wp-json\/wp\/v2\/types\/page"}],"author":[{"embeddable":true,"href":"https:\/\/www.dicomevents.com\/es\/wp-json\/wp\/v2\/users\/1"}],"replies":[{"embeddable":true,"href":"https:\/\/www.dicomevents.com\/es\/wp-json\/wp\/v2\/comments?post=101"}],"version-history":[{"count":3,"href":"https:\/\/www.dicomevents.com\/es\/wp-json\/wp\/v2\/pages\/101\/revisions"}],"predecessor-version":[{"id":3754,"href":"https:\/\/www.dicomevents.com\/es\/wp-json\/wp\/v2\/pages\/101\/revisions\/3754"}],"wp:attachment":[{"href":"https:\/\/www.dicomevents.com\/es\/wp-json\/wp\/v2\/media?parent=101"}],"curies":[{"name":"wp","href":"https:\/\/api.w.org\/{rel}","templated":true}]}}